{"id":392,"date":"2015-04-28T09:38:37","date_gmt":"2015-04-28T09:38:37","guid":{"rendered":"https:\/\/military-classic-vehicles.fr\/news\/?page_id=392"},"modified":"2025-09-23T13:53:28","modified_gmt":"2025-09-23T13:53:28","slug":"mentions","status":"publish","type":"page","link":"https:\/\/military-classic-vehicles.fr\/en\/mentions\/","title":{"rendered":"Legals"},"content":{"rendered":"<p>Ce site et adresse web sont la propri\u00e9t\u00e9 de Military Classic Vehicles, Siret 790565501 00026 Ape 4520A.<\/p>\n<p>Le responsable de la publication est le propri\u00e9taire du site.<\/p>\n<p>H\u00e9bergement: OVH &#8211;\u00a0RCS Lille M\u00e9tropole 424 761 419 00045<br \/>\nSi\u00e8ge social : 2 rue Kellermann &#8211; 59100 Roubaix &#8211; France<\/p>\n<p>Conception : <a href=\"https:\/\/kacao.fr\" target=\"_blank\" rel=\"noopener\">Agence Kacao<\/a><\/p>\n<p>Plateforme et D\u00e9veloppements : <a href=\"https:\/\/proxiicity.com\" target=\"_blank\" rel=\"noopener\">PROXiiGEN<\/a><\/p>\n","protected":false},"excerpt":{"rendered":"<p>Ce site et adresse web sont la propri\u00e9t\u00e9 de Military Classic Vehicles, Siret 790565501 00026 Ape 4520A. Le responsable de la publication est le propri\u00e9taire du site. H\u00e9bergement: OVH &#8211;\u00a0RCS Lille M\u00e9tropole 424 761 419 00045 Si\u00e8ge social : 2 rue Kellermann &#8211; 59100 Roubaix &#8211; France Conception : Agence Kacao Plateforme et D\u00e9veloppements :<br \/><a class=\"moretag\" href=\"https:\/\/military-classic-vehicles.fr\/en\/mentions\/\">+ Read More<\/a><\/p>\n","protected":false},"author":3,"featured_media":0,"parent":0,"menu_order":11,"comment_status":"closed","ping_status":"open","template":"page-contact.php","meta":{"footnotes":""},"class_list":["post-392","page","type-page","status-publish","hentry"],"_links":{"self":[{"href":"https:\/\/military-classic-vehicles.fr\/en\/wp-json\/wp\/v2\/pages\/392","targetHints":{"allow":["GET"]}}],"collection":[{"href":"https:\/\/military-classic-vehicles.fr\/en\/wp-json\/wp\/v2\/pages"}],"about":[{"href":"https:\/\/military-classic-vehicles.fr\/en\/wp-json\/wp\/v2\/types\/page"}],"author":[{"embeddable":true,"href":"https:\/\/military-classic-vehicles.fr\/en\/wp-json\/wp\/v2\/users\/3"}],"replies":[{"embeddable":true,"href":"https:\/\/military-classic-vehicles.fr\/en\/wp-json\/wp\/v2\/comments?post=392"}],"version-history":[{"count":1,"href":"https:\/\/military-classic-vehicles.fr\/en\/wp-json\/wp\/v2\/pages\/392\/revisions"}],"predecessor-version":[{"id":9143,"href":"https:\/\/military-classic-vehicles.fr\/en\/wp-json\/wp\/v2\/pages\/392\/revisions\/9143"}],"wp:attachment":[{"href":"https:\/\/military-classic-vehicles.fr\/en\/wp-json\/wp\/v2\/media?parent=392"}],"curies":[{"name":"wp","href":"https:\/\/api.w.org\/{rel}","templated":true}]}}