{"id":386,"date":"2015-04-28T08:43:32","date_gmt":"2015-04-28T08:43:32","guid":{"rendered":"https:\/\/military-classic-vehicles.fr\/news\/?page_id=386"},"modified":"2021-03-23T09:51:06","modified_gmt":"2021-03-23T09:51:06","slug":"contact","status":"publish","type":"page","link":"https:\/\/military-classic-vehicles.fr\/en\/contact\/","title":{"rendered":"Contact"},"content":{"rendered":"\n<div class=\"wpcf7 no-js\" id=\"wpcf7-f5396-o1\" lang=\"fr-FR\" dir=\"ltr\" data-wpcf7-id=\"5396\">\n<div class=\"screen-reader-response\"><p role=\"status\" aria-live=\"polite\" aria-atomic=\"true\"><\/p> <ul><\/ul><\/div>\n<form action=\"\/en\/wp-json\/wp\/v2\/pages\/386#wpcf7-f5396-o1\" method=\"post\" class=\"wpcf7-form init\" aria-label=\"Formulaire de contact\" novalidate=\"novalidate\" data-status=\"init\">\n<fieldset class=\"hidden-fields-container\"><input type=\"hidden\" name=\"_wpcf7\" value=\"5396\" \/><input type=\"hidden\" name=\"_wpcf7_version\" value=\"6.1.5\" \/><input type=\"hidden\" name=\"_wpcf7_locale\" value=\"fr_FR\" \/><input type=\"hidden\" name=\"_wpcf7_unit_tag\" value=\"wpcf7-f5396-o1\" \/><input type=\"hidden\" name=\"_wpcf7_container_post\" value=\"0\" \/><input type=\"hidden\" name=\"_wpcf7_posted_data_hash\" value=\"\" \/>\n<\/fieldset>\n<p><label> Votre nom (obligatoire)<br \/>\n<span class=\"wpcf7-form-control-wrap\" data-name=\"your-name\"><input size=\"40\" maxlength=\"400\" class=\"wpcf7-form-control wpcf7-text wpcf7-validates-as-required\" aria-required=\"true\" aria-invalid=\"false\" value=\"\" type=\"text\" name=\"your-name\" \/><\/span> <\/label><br \/>\n<span id=\"wpcf7-69e138a949125-wrapper\" class=\"wpcf7-form-control-wrap your-firstname-wrap\" ><label for=\"wpcf7-69e138a949125-field\" class=\"hp-message\">Veuillez laisser ce champ vide.<\/label><input id=\"wpcf7-69e138a949125-field\"  class=\"wpcf7-form-control wpcf7-text\" type=\"text\" name=\"your-firstname\" value=\"\" size=\"40\" tabindex=\"-1\" autocomplete=\"new-password\" \/><\/span><br \/>\n<label> Votre adresse de messagerie (obligatoire)<br \/>\n<span class=\"wpcf7-form-control-wrap\" data-name=\"your-email\"><input size=\"40\" maxlength=\"400\" class=\"wpcf7-form-control wpcf7-email wpcf7-validates-as-required wpcf7-text wpcf7-validates-as-email\" aria-required=\"true\" aria-invalid=\"false\" value=\"\" type=\"email\" name=\"your-email\" \/><\/span> <\/label>\n<\/p>\n<p><label>Le cas \u00e9ch\u00e9ant, merci de nous indiquer de quel v\u00e9hicule il s'agit<\/label><br \/>\n<span class=\"wpcf7-form-control-wrap\" data-name=\"objet\"><input size=\"40\" maxlength=\"400\" class=\"wpcf7-form-control wpcf7-text\" aria-invalid=\"false\" value=\"\" type=\"text\" name=\"objet\" \/><\/span>\n<\/p>\n<p><label> Votre message<br \/>\n<span class=\"wpcf7-form-control-wrap\" data-name=\"your-message\"><textarea cols=\"40\" rows=\"10\" maxlength=\"2000\" class=\"wpcf7-form-control wpcf7-textarea wpcf7-validates-as-required\" aria-required=\"true\" aria-invalid=\"false\" name=\"your-message\"><\/textarea><\/span> <\/label>\n<\/p>\n<p><input class=\"wpcf7-form-control wpcf7-submit has-spinner\" type=\"submit\" value=\"Envoyer\" \/>\n<\/p>\n<p>Les informations \u00e0 caract\u00e8re personnel recueillies dans le cadre de ce formulaire sont n\u00e9cessaires pour le traitement de votre demande. Pour en savoir plus, consultez notre politique de protection des donn\u00e9es.\n<\/p><div class=\"wpcf7-response-output\" aria-hidden=\"true\"><\/div>\n<\/form>\n<\/div>\n\n","protected":false},"excerpt":{"rendered":"","protected":false},"author":3,"featured_media":0,"parent":0,"menu_order":10,"comment_status":"closed","ping_status":"open","template":"page-contact.php","meta":{"footnotes":""},"class_list":["post-386","page","type-page","status-publish","hentry"],"_links":{"self":[{"href":"https:\/\/military-classic-vehicles.fr\/en\/wp-json\/wp\/v2\/pages\/386","targetHints":{"allow":["GET"]}}],"collection":[{"href":"https:\/\/military-classic-vehicles.fr\/en\/wp-json\/wp\/v2\/pages"}],"about":[{"href":"https:\/\/military-classic-vehicles.fr\/en\/wp-json\/wp\/v2\/types\/page"}],"author":[{"embeddable":true,"href":"https:\/\/military-classic-vehicles.fr\/en\/wp-json\/wp\/v2\/users\/3"}],"replies":[{"embeddable":true,"href":"https:\/\/military-classic-vehicles.fr\/en\/wp-json\/wp\/v2\/comments?post=386"}],"version-history":[{"count":0,"href":"https:\/\/military-classic-vehicles.fr\/en\/wp-json\/wp\/v2\/pages\/386\/revisions"}],"wp:attachment":[{"href":"https:\/\/military-classic-vehicles.fr\/en\/wp-json\/wp\/v2\/media?parent=386"}],"curies":[{"name":"wp","href":"https:\/\/api.w.org\/{rel}","templated":true}]}}